{"id":14,"date":"2020-08-30T11:33:52","date_gmt":"2020-08-30T08:33:52","guid":{"rendered":"http:\/\/vallema.fi\/?page_id=14"},"modified":"2022-12-20T18:21:53","modified_gmt":"2022-12-20T15:21:53","slug":"ota-yhteytta","status":"publish","type":"page","link":"https:\/\/vallema.fi\/index.php\/ota-yhteytta\/","title":{"rendered":"Ota yhteytt\u00e4"},"content":{"rendered":"\t\t<div data-elementor-type=\"wp-page\" data-elementor-id=\"14\" class=\"elementor elementor-14\">\n\t\t\t\t\t\t<section class=\"elementor-section elementor-top-section elementor-element elementor-element-4115300e elementor-section-boxed elementor-section-height-default elementor-section-height-default\" data-id=\"4115300e\" data-element_type=\"section\" data-e-type=\"section\">\n\t\t\t\t\t\t<div class=\"elementor-container elementor-column-gap-default\">\n\t\t\t\t\t<div class=\"elementor-column elementor-col-100 elementor-top-column elementor-element elementor-element-16847497\" data-id=\"16847497\" data-element_type=\"column\" data-e-type=\"column\">\n\t\t\t<div class=\"elementor-widget-wrap elementor-element-populated\">\n\t\t\t\t\t\t<div class=\"elementor-element elementor-element-b239be4 elementor-widget elementor-widget-text-editor\" data-id=\"b239be4\" data-element_type=\"widget\" data-e-type=\"widget\" data-widget_type=\"text-editor.default\">\n\t\t\t\t<div class=\"elementor-widget-container\">\n\t\t\t\t\t\t\t\t\t<h1><img fetchpriority=\"high\" decoding=\"async\" src=\"https:\/\/vallema.fi\/wp-content\/uploads\/2020\/08\/eppu-225x300.jpg\" alt=\"\" class=\"size-medium wp-image-35 aligncenter\" width=\"225\" height=\"300\" srcset=\"https:\/\/vallema.fi\/wp-content\/uploads\/2020\/08\/eppu-225x300.jpg 225w, https:\/\/vallema.fi\/wp-content\/uploads\/2020\/08\/eppu.jpg 279w\" sizes=\"(max-width: 225px) 100vw, 225px\" \/><\/h1>\n<p><\/p>\n<h2><strong>Fysioterapeutti Miia Vallema<\/strong><\/h2>\n<p><\/p>\n<h2><strong>p. 040 511 7613<\/strong><\/h2>\n<p><\/p>\n<p><a href=\"mailto:miiavallema@hotmail.com\">L\u00e4het\u00e4 s\u00e4hk\u00f6postia<\/a><\/p>\n<p><\/p>\n<p><\/p>\n<p><strong>Appelmedi Oy<\/strong><br \/>Keskuskatu 17 B, 2. krs.<br \/>48100 Kotka<br \/><a href=\"http:\/\/www.appelmedi.fi\/\" target=\"_blank\" rel=\"noreferrer noopener\">a<\/a><a rel=\"noreferrer noopener\" href=\"http:\/\/www.appelmedi.fi\/\" target=\"_blank\">ppelmedi.fi\/<\/a><\/p>\n<p><\/p>\n<p><strong>E.S. Riding Club<\/strong><br \/>Liikkalantie 531<br \/>46900 Inkeroinen<br \/><a href=\"http:\/\/www.esridingclub.fi\">esridingclub.fi<\/a><\/p>\n<p><\/p>\n<p><strong>Kotkan Ratsastajat<\/strong><br \/>Pirtinm\u00e4enpolku 4<br \/>48410 Kotka<br \/><a rel=\"noreferrer noopener\" href=\"http:\/\/www.kotkanratsastajat.fi\" target=\"_blank\">kotkanratsastajat.fi<\/a><\/p>\n<p><\/p>\n<div class=\"wp-block-buttons is-layout-flex wp-block-buttons-is-layout-flex\">\n<div class=\"wp-block-button\"><a class=\"wp-block-button__link\" href=\"http:\/\/www.vallema.fi\/assets\/terapiasopimus.pdf\" target=\"_blank\" rel=\"noreferrer noopener\">Lataa terapiasopimus<\/a><\/div>\n<\/div>\n<div><\/div>\n<div><\/div>\n<div class=\"wp-block-buttons\">\n<div class=\"wp-block-button\"><\/div>\n<div class=\"wp-block-button\"><\/div>\n<div class=\"wp-block-button\"><\/div>\n<\/div>\n<p><\/p>\n<p><\/p>\t\t\t\t\t\t\t\t<\/div>\n\t\t\t\t<\/div>\n\t\t\t\t<div class=\"elementor-element elementor-element-07ac7a1 elementor-align-center elementor-widget elementor-widget-button\" data-id=\"07ac7a1\" data-element_type=\"widget\" data-e-type=\"widget\" data-widget_type=\"button.default\">\n\t\t\t\t<div class=\"elementor-widget-container\">\n\t\t\t\t\t\t\t\t\t<div class=\"elementor-button-wrapper\">\n\t\t\t\t\t<a class=\"elementor-button elementor-button-link elementor-size-sm\" href=\"https:\/\/kuntoutusyrittajat.fi\/web2017\/wp-content\/uploads\/2022\/12\/Kuntoutusyrittajat_esite_A4_2022.pdf\" target=\"_blank\">\n\t\t\t\t\t\t<span class=\"elementor-button-content-wrapper\">\n\t\t\t\t\t\t\t\t\t<span class=\"elementor-button-text\">Kuntoutujan oikeus valita terapeuttinsa -opas<\/span>\n\t\t\t\t\t<\/span>\n\t\t\t\t\t<\/a>\n\t\t\t\t<\/div>\n\t\t\t\t\t\t\t\t<\/div>\n\t\t\t\t<\/div>\n\t\t\t\t\t<\/div>\n\t\t<\/div>\n\t\t\t\t\t<\/div>\n\t\t<\/section>\n\t\t\t\t<section class=\"elementor-section elementor-top-section elementor-element elementor-element-5556954 elementor-section-boxed elementor-section-height-default elementor-section-height-default\" data-id=\"5556954\" data-element_type=\"section\" data-e-type=\"section\">\n\t\t\t\t\t\t<div class=\"elementor-container elementor-column-gap-default\">\n\t\t\t\t\t<div class=\"elementor-column elementor-col-100 elementor-top-column elementor-element elementor-element-f7a2d96\" data-id=\"f7a2d96\" data-element_type=\"column\" data-e-type=\"column\">\n\t\t\t<div class=\"elementor-widget-wrap elementor-element-populated\">\n\t\t\t\t\t\t<div class=\"elementor-element elementor-element-438c1f1 elementor-widget elementor-widget-google_maps\" data-id=\"438c1f1\" data-element_type=\"widget\" data-e-type=\"widget\" data-widget_type=\"google_maps.default\">\n\t\t\t\t<div class=\"elementor-widget-container\">\n\t\t\t\t\t\t\t<div class=\"elementor-custom-embed\">\n\t\t\t<iframe loading=\"lazy\"\n\t\t\t\t\tsrc=\"https:\/\/maps.google.com\/maps?q=Keskuskatu%2017%20kotka&#038;t=m&#038;z=13&#038;output=embed&#038;iwloc=near\"\n\t\t\t\t\ttitle=\"Keskuskatu 17 kotka\"\n\t\t\t\t\taria-label=\"Keskuskatu 17 kotka\"\n\t\t\t><\/iframe>\n\t\t<\/div>\n\t\t\t\t\t\t<\/div>\n\t\t\t\t<\/div>\n\t\t\t\t\t<\/div>\n\t\t<\/div>\n\t\t\t\t\t<\/div>\n\t\t<\/section>\n\t\t\t\t<\/div>\n\t\t","protected":false},"excerpt":{"rendered":"<p>Fysioterapeutti Miia Vallema p. 040 511 7613 L\u00e4het\u00e4 s\u00e4hk\u00f6postia Appelmedi OyKeskuskatu 17 B, 2. krs.48100 Kotkaappelmedi.fi\/ E.S. Riding ClubLiikkalantie 53146900 Inkeroinenesridingclub.fi Kotkan RatsastajatPirtinm\u00e4enpolku 448410 Kotkakotkanratsastajat.fi Kuntoutujan oikeus valita terapeuttinsa -opas<\/p>\n","protected":false},"author":1,"featured_media":0,"parent":0,"menu_order":0,"comment_status":"closed","ping_status":"closed","template":"","meta":{"footnotes":""},"class_list":["post-14","page","type-page","status-publish","hentry"],"_links":{"self":[{"href":"https:\/\/vallema.fi\/index.php\/wp-json\/wp\/v2\/pages\/14","targetHints":{"allow":["GET"]}}],"collection":[{"href":"https:\/\/vallema.fi\/index.php\/wp-json\/wp\/v2\/pages"}],"about":[{"href":"https:\/\/vallema.fi\/index.php\/wp-json\/wp\/v2\/types\/page"}],"author":[{"embeddable":true,"href":"https:\/\/vallema.fi\/index.php\/wp-json\/wp\/v2\/users\/1"}],"replies":[{"embeddable":true,"href":"https:\/\/vallema.fi\/index.php\/wp-json\/wp\/v2\/comments?post=14"}],"version-history":[{"count":61,"href":"https:\/\/vallema.fi\/index.php\/wp-json\/wp\/v2\/pages\/14\/revisions"}],"predecessor-version":[{"id":258,"href":"https:\/\/vallema.fi\/index.php\/wp-json\/wp\/v2\/pages\/14\/revisions\/258"}],"wp:attachment":[{"href":"https:\/\/vallema.fi\/index.php\/wp-json\/wp\/v2\/media?parent=14"}],"curies":[{"name":"wp","href":"https:\/\/api.w.org\/{rel}","templated":true}]}}